{"id":62,"date":"2025-09-18T12:30:03","date_gmt":"2025-09-18T12:30:03","guid":{"rendered":"http:\/\/mokkihome.fr\/?page_id=62"},"modified":"2025-09-25T14:50:33","modified_gmt":"2025-09-25T14:50:33","slug":"a-propos","status":"publish","type":"page","link":"https:\/\/mokkihome.fr\/index.php\/a-propos\/","title":{"rendered":"A propos"},"content":{"rendered":"\n<figure class=\"wp-block-image alignfull size-large\"><img alt=\"\" loading=\"lazy\" decoding=\"async\" width=\"1024\" height=\"466\" src=\"http:\/\/mokkihome.fr\/wp-content\/uploads\/2025\/09\/famille-1024x466.jpg\" alt=\"\" class=\"wp-image-229\" srcset=\"https:\/\/mokkihome.fr\/wp-content\/uploads\/2025\/09\/famille-1024x466.jpg 1024w, https:\/\/mokkihome.fr\/wp-content\/uploads\/2025\/09\/famille-300x136.jpg 300w, https:\/\/mokkihome.fr\/wp-content\/uploads\/2025\/09\/famille-768x349.jpg 768w, https:\/\/mokkihome.fr\/wp-content\/uploads\/2025\/09\/famille.jpg 1500w\" sizes=\"auto, (max-width: 1024px) 100vw, 1024px\" \/><\/figure>\n\n\n\n<p><\/p>\n\n\n\n<p class=\"has-text-align-left\">M\u00d6KKI HOME est n\u00e9e de la collaboration des soci\u00e9t\u00e9s Aito et Esprit Nature Bois. Acteurs dans la construction de maison en bois massif depuis plus de 20 ans, ces soci\u00e9t\u00e9s ont mis \u00e0 profit leur expertise acquise dans la maison d\u00b4habitation pour d\u00e9velopper le mobil-home. <\/p>\n\n\n\n<p class=\"has-text-align-left\">Le but, faire \u00e9voluer l\u2019image simpliste du mobil-home pour qu\u2019il devienne un concept innovant, robuste, \u00e9cologique et unique.<\/p>\n\n\n\n<blockquote class=\"wp-block-quote is-layout-flow wp-block-quote-is-layout-flow\">\n<p class=\"has-text-align-left\">\u00ab Le vacancier doit se sentir d\u00e9pays\u00e9 quand il entre dans un M\u00f6kki home \u00bb.<\/p>\n<\/blockquote>\n\n\n\n<p class=\"has-text-align-left vk_block-margin-md--margin-top\">Comment r\u00e9pondre \u00e0 cette demande, l\u2019id\u00e9e est tr\u00e8s simple :<\/p>\n\n\n\n<blockquote class=\"wp-block-quote has-text-align-left vk_block-margin-0--margin-bottom is-layout-flow wp-block-quote-is-layout-flow\">\n<p>\u00ab Adapter nos mobil-homes comme nous concevons nos maisons \u00bb.<\/p>\n<\/blockquote>\n\n\n\n<p><\/p>\n\n\n\n<hr class=\"wp-block-separator has-alpha-channel-opacity\"\/>\n\n\n\n<p class=\"has-text-align-center vk_block-margin-0--margin-bottom vk_block-margin-xxs--margin-top\"><strong><mark style=\"background-color:rgba(0, 0, 0, 0)\" class=\"has-inline-color has-vk-color-primary-vivid-color\"><em><span data-fontSize=\"40px\" style=\"font-size: 40px;\" class=\"vk_inline-font-size\">DES ATOUTS UNIK<\/span><\/em><\/mark><\/strong><\/p>\n\n\n\n<hr class=\"wp-block-separator has-alpha-channel-opacity\"\/>\n\n\n\n<p><\/p>\n\n\n\n<div class=\"wp-block-columns is-layout-flex wp-container-core-columns-is-layout-28f84493 wp-block-columns-is-layout-flex\">\n<div class=\"wp-block-column is-layout-flow wp-block-column-is-layout-flow\">\n<figure class=\"wp-block-image aligncenter size-full is-resized\"><img alt=\"\" loading=\"lazy\" decoding=\"async\" width=\"522\" height=\"313\" src=\"http:\/\/mokkihome.fr\/wp-content\/uploads\/2025\/09\/bois-finlande-1.jpg\" alt=\"\" class=\"wp-image-256\" style=\"width:329px;height:auto\" srcset=\"https:\/\/mokkihome.fr\/wp-content\/uploads\/2025\/09\/bois-finlande-1.jpg 522w, https:\/\/mokkihome.fr\/wp-content\/uploads\/2025\/09\/bois-finlande-1-300x180.jpg 300w\" sizes=\"auto, (max-width: 522px) 100vw, 522px\" \/><\/figure>\n\n\n\n<p class=\"has-text-align-center vk_block-margin-xs--margin-top\"><span data-fontsize=\"16px\" style=\"font-size: 16px;\" class=\"vk_inline-font-size\"><em><u>DU BOIS DE FINLANDE<\/u><\/em><br>De renomm\u00e9e international pour la qualit\u00e9 de ses bois, la Finlande est le choix id\u00e9al pour des mobil-homes haut de gamme<\/span><\/p>\n\n\n\n<hr class=\"wp-block-separator has-alpha-channel-opacity\"\/>\n<\/div>\n\n\n\n<div class=\"wp-block-column is-layout-flow wp-block-column-is-layout-flow\">\n<figure class=\"wp-block-image aligncenter size-full is-resized\"><img alt=\"\" loading=\"lazy\" decoding=\"async\" width=\"247\" height=\"154\" src=\"http:\/\/mokkihome.fr\/wp-content\/uploads\/2025\/09\/Massif.jpg\" alt=\"\" class=\"wp-image-253\" style=\"width:319px;height:auto\"\/><\/figure>\n\n\n\n<p class=\"has-text-align-center vk_block-margin-xs--margin-top\"><span data-fontsize=\"16px\" style=\"font-size: 16px;\" class=\"vk_inline-font-size\"><span data-fontsize=\"16px\" style=\"font-size: 16px;\" class=\"vk_inline-font-size\"><em><u>LE BOIS MASSIF<\/u><\/em><br>Optez pour du bois massif, robuste, et \u00e9cologique.<br>Jamais un mobil-home n\u2019aura \u00e9t\u00e9 aussi naturel et original<\/span><\/span><\/p>\n\n\n\n<hr class=\"wp-block-separator has-alpha-channel-opacity\"\/>\n<\/div>\n\n\n\n<div class=\"wp-block-column is-layout-flow wp-block-column-is-layout-flow\">\n<figure class=\"wp-block-image aligncenter size-full is-resized\"><img alt=\"\" loading=\"lazy\" decoding=\"async\" width=\"600\" height=\"400\" src=\"http:\/\/mokkihome.fr\/wp-content\/uploads\/2025\/09\/usine.jpg\" alt=\"\" class=\"wp-image-255\" style=\"width:297px;height:auto\" srcset=\"https:\/\/mokkihome.fr\/wp-content\/uploads\/2025\/09\/usine.jpg 600w, https:\/\/mokkihome.fr\/wp-content\/uploads\/2025\/09\/usine-300x200.jpg 300w\" sizes=\"auto, (max-width: 600px) 100vw, 600px\" \/><\/figure>\n\n\n\n<p class=\"has-text-align-center vk_block-margin-xs--margin-top\"><em><u>ASSEMBLAGE EN FRANCE<\/u><\/em><br>Les mobil-homes, HLL et studio de jardin sont assembl\u00e9s en France dans notre atelier en Loire Atlantique.<\/p>\n\n\n\n<hr class=\"wp-block-separator has-alpha-channel-opacity\"\/>\n<\/div>\n<\/div>\n\n\n\n<p><\/p>\n\n\n\n<h2 class=\"wp-block-heading\">Renseignements<\/h2>\n\n\n\n\n<div class=\"wpcf7 no-js\" id=\"wpcf7-f141-o1\" lang=\"fr-FR\" dir=\"ltr\" data-wpcf7-id=\"141\">\n<div class=\"screen-reader-response\"><p role=\"status\" aria-live=\"polite\" aria-atomic=\"true\"><\/p> <ul><\/ul><\/div>\n<form action=\"\/index.php\/wp-json\/wp\/v2\/pages\/62#wpcf7-f141-o1\" method=\"post\" class=\"wpcf7-form init\" aria-label=\"Formulaire de contact\" novalidate=\"novalidate\" data-status=\"init\">\n<fieldset class=\"hidden-fields-container\"><input type=\"hidden\" name=\"_wpcf7\" value=\"141\" \/><input type=\"hidden\" name=\"_wpcf7_version\" value=\"6.1.5\" \/><input type=\"hidden\" name=\"_wpcf7_locale\" value=\"fr_FR\" \/><input type=\"hidden\" name=\"_wpcf7_unit_tag\" value=\"wpcf7-f141-o1\" \/><input type=\"hidden\" name=\"_wpcf7_container_post\" value=\"0\" \/><input type=\"hidden\" name=\"_wpcf7_posted_data_hash\" value=\"\" \/>\n<\/fieldset>\n<p><label> Nom - Pr\u00e9nom<br \/>\n<span class=\"wpcf7-form-control-wrap\" data-name=\"your-name\"><input size=\"40\" maxlength=\"400\" class=\"wpcf7-form-control wpcf7-text wpcf7-validates-as-required\" autocomplete=\"name\" aria-required=\"true\" aria-invalid=\"false\" value=\"\" type=\"text\" name=\"your-name\" \/><\/span> <\/label>\n<\/p>\n<p><label> E-mail<br \/>\n<span class=\"wpcf7-form-control-wrap\" data-name=\"your-email\"><input size=\"40\" maxlength=\"400\" class=\"wpcf7-form-control wpcf7-email wpcf7-validates-as-required wpcf7-text wpcf7-validates-as-email\" autocomplete=\"email\" aria-required=\"true\" aria-invalid=\"false\" value=\"\" type=\"email\" name=\"your-email\" \/><\/span> <\/label>\n<\/p>\n<p><label> T\u00e9l\u00e9phone<br \/>\n<span class=\"wpcf7-form-control-wrap\" data-name=\"tel-579\"><input size=\"40\" maxlength=\"400\" class=\"wpcf7-form-control wpcf7-tel wpcf7-validates-as-required wpcf7-text wpcf7-validates-as-tel\" aria-required=\"true\" aria-invalid=\"false\" value=\"\" type=\"tel\" name=\"tel-579\" \/><\/span><\/label>\n<\/p>\n<p><label> Votre message<br \/>\n<span class=\"wpcf7-form-control-wrap\" data-name=\"your-message\"><textarea cols=\"40\" rows=\"10\" maxlength=\"2000\" class=\"wpcf7-form-control wpcf7-textarea wpcf7-validates-as-required\" aria-required=\"true\" aria-invalid=\"false\" name=\"your-message\"><\/textarea><\/span> <\/label>\n<\/p>\n<p><input class=\"wpcf7-form-control wpcf7-submit has-spinner\" type=\"submit\" value=\"Envoyer\" \/>\n<\/p><div class=\"wpcf7-response-output\" aria-hidden=\"true\"><\/div>\n<\/form>\n<\/div>\n\n\n\n\n<p><\/p>\n","protected":false},"excerpt":{"rendered":"<p>M\u00d6KKI HOME est n\u00e9e de la collaboration des soci\u00e9t\u00e9s Aito et Esprit Nature Bois. Acteurs dans la construction de maison en bois massif depuis plus de 20 ans, ces soci\u00e9t\u00e9s ont mis \u00e0 profit leur expertise acquise dans la maison d\u00b4habitation pour d\u00e9velopper le mobil-home. Le but, faire \u00e9voluer l\u2019image simpliste du mobil-home pour qu\u2019il [&hellip;]<\/p>\n","protected":false},"author":1,"featured_media":0,"parent":0,"menu_order":0,"comment_status":"closed","ping_status":"closed","template":"","meta":{"_seopress_robots_primary_cat":"","_seopress_titles_title":"A propos | Mokki Home","_seopress_titles_desc":"Mokki Home est n\u00e9e de la collaboration des soci\u00e9t\u00e9s Aito et Esprit Nature Bois. Acteurs dans la construction de maison en bois massif depuis plus de 20 ans.","_seopress_robots_index":"","_kadence_starter_templates_imported_post":false,"vkexunit_cta_each_option":"","footnotes":""},"class_list":["post-62","page","type-page","status-publish","hentry"],"_links":{"self":[{"href":"https:\/\/mokkihome.fr\/index.php\/wp-json\/wp\/v2\/pages\/62","targetHints":{"allow":["GET"]}}],"collection":[{"href":"https:\/\/mokkihome.fr\/index.php\/wp-json\/wp\/v2\/pages"}],"about":[{"href":"https:\/\/mokkihome.fr\/index.php\/wp-json\/wp\/v2\/types\/page"}],"author":[{"embeddable":true,"href":"https:\/\/mokkihome.fr\/index.php\/wp-json\/wp\/v2\/users\/1"}],"replies":[{"embeddable":true,"href":"https:\/\/mokkihome.fr\/index.php\/wp-json\/wp\/v2\/comments?post=62"}],"version-history":[{"count":24,"href":"https:\/\/mokkihome.fr\/index.php\/wp-json\/wp\/v2\/pages\/62\/revisions"}],"predecessor-version":[{"id":276,"href":"https:\/\/mokkihome.fr\/index.php\/wp-json\/wp\/v2\/pages\/62\/revisions\/276"}],"wp:attachment":[{"href":"https:\/\/mokkihome.fr\/index.php\/wp-json\/wp\/v2\/media?parent=62"}],"curies":[{"name":"wp","href":"https:\/\/api.w.org\/{rel}","templated":true}]}}